{"id":70,"date":"2026-03-03T20:38:46","date_gmt":"2026-03-03T19:38:46","guid":{"rendered":"https:\/\/matthieu-bosquillondejenlis-psychopraticien.fr\/?page_id=70"},"modified":"2026-05-07T11:18:22","modified_gmt":"2026-05-07T10:18:22","slug":"matthieu-bosquillon-de-jenlis-2","status":"publish","type":"page","link":"https:\/\/matthieu-bosquillondejenlis-psychopraticien.fr\/","title":{"rendered":"Matthieu Bosquillon de Jenlis"},"content":{"rendered":"\n\n\n<div class=\"wp-block-media-text is-stacked-on-mobile\" style=\"grid-template-columns:27% auto\"><figure class=\"wp-block-media-text__media\"><img loading=\"lazy\" decoding=\"async\" width=\"946\" height=\"1024\" src=\"http:\/\/matthieu-bosquillondejenlis-psychopraticien.fr\/wp-content\/uploads\/2026\/02\/20260125_181430-2-946x1024.jpg\" alt=\"\" class=\"wp-image-15 size-full\" srcset=\"https:\/\/matthieu-bosquillondejenlis-psychopraticien.fr\/wp-content\/uploads\/2026\/02\/20260125_181430-2-946x1024.jpg 946w, https:\/\/matthieu-bosquillondejenlis-psychopraticien.fr\/wp-content\/uploads\/2026\/02\/20260125_181430-2-277x300.jpg 277w, https:\/\/matthieu-bosquillondejenlis-psychopraticien.fr\/wp-content\/uploads\/2026\/02\/20260125_181430-2-768x831.jpg 768w, https:\/\/matthieu-bosquillondejenlis-psychopraticien.fr\/wp-content\/uploads\/2026\/02\/20260125_181430-2-1420x1536.jpg 1420w, https:\/\/matthieu-bosquillondejenlis-psychopraticien.fr\/wp-content\/uploads\/2026\/02\/20260125_181430-2-1893x2048.jpg 1893w\" sizes=\"(max-width: 946px) 100vw, 946px\" \/><\/figure><div class=\"wp-block-media-text__content\">\n<p class=\"has-text-align-center\">Form\u00e9 durant 6 ans en analyse transactionnelle \u00e0 l&rsquo;IAT de Lille.<\/p>\n<\/div><\/div>\n\n\n\n<p>Dans le cadre de l\u2019accompagnement, je propose de vous aider \u00e0 avancer face \u00e0 vos difficult\u00e9s.<\/p>\n\n\n\n<p>La premi\u00e8re s\u00e9ance permettra d\u2019\u00e9tablir vos besoins et de d\u00e9finir ensemble un accompagnement personnalis\u00e9.<\/p>\n\n\n\n<p>Voici quelques exemples des raisons qui peuvent vous amener \u00e0 me consulter :<\/p>\n\n\n\n<ul class=\"wp-block-list\">\n<li>l&rsquo;anxi\u00e9t\u00e9,<\/li>\n\n\n\n<li>l&rsquo;isolement,<\/li>\n\n\n\n<li>le deuil,<\/li>\n\n\n\n<li>le burn-out,<\/li>\n\n\n\n<li>la d\u00e9pression,<\/li>\n\n\n\n<li>les difficult\u00e9s relationnelles,<\/li>\n\n\n\n<li>les travers\u00e9es de crises.<\/li>\n<\/ul>\n\n\n\n<p>Une consultation dure 45 minutes et co\u00fbte 50\u20ac, payable en ch\u00e8ques<\/p>\n\n\n\n<p>En cas d\u2019arriv\u00e9e tardive, la s\u00e9ance finit \u00e0 l\u2019heure initialement pr\u00e9vue, afin de garantir le respect du temps de chacun.<\/p>\n\n\n\n<p>Je vous re\u00e7ois en toute confidentialit\u00e9 dans un espace bienveillant et s\u00e9curisant au cabinet situ\u00e9 \u00e0 Valenciennes, proche de l&rsquo;\u00e9glise Saint Michel.<\/p>\n\n\n\n<p>Contactez-moi au <strong>07.59.62.71.49<\/strong> pour toutes informations ou prise de rendez-vous.<\/p>\n\n\n<div class=\"wp-block-image\">\n<figure class=\"aligncenter size-full\"><img loading=\"lazy\" decoding=\"async\" width=\"1215\" height=\"908\" src=\"https:\/\/matthieu-bosquillondejenlis-psychopraticien.fr\/wp-content\/uploads\/2026\/03\/cabinet.png\" alt=\"\" class=\"wp-image-26\" style=\"aspect-ratio:1.3965762230191487\" srcset=\"https:\/\/matthieu-bosquillondejenlis-psychopraticien.fr\/wp-content\/uploads\/2026\/03\/cabinet.png 1215w, https:\/\/matthieu-bosquillondejenlis-psychopraticien.fr\/wp-content\/uploads\/2026\/03\/cabinet-300x224.png 300w, https:\/\/matthieu-bosquillondejenlis-psychopraticien.fr\/wp-content\/uploads\/2026\/03\/cabinet-1024x765.png 1024w, https:\/\/matthieu-bosquillondejenlis-psychopraticien.fr\/wp-content\/uploads\/2026\/03\/cabinet-768x574.png 768w\" sizes=\"(max-width: 1215px) 100vw, 1215px\" \/><\/figure>\n<\/div>","protected":false},"excerpt":{"rendered":"<p>Form\u00e9 durant 6 ans en analyse transactionnelle \u00e0 l&rsquo;IAT de Lille. Dans le cadre de l\u2019accompagnement, je propose de vous aider \u00e0 avancer face \u00e0 vos difficult\u00e9s. La premi\u00e8re s\u00e9ance permettra d\u2019\u00e9tablir vos besoins et de d\u00e9finir ensemble un accompagnement personnalis\u00e9. Voici quelques exemples des raisons qui peuvent vous amener \u00e0 me consulter : Une [&hellip;]<\/p>\n","protected":false},"author":1,"featured_media":0,"parent":0,"menu_order":0,"comment_status":"closed","ping_status":"closed","template":"","meta":{"saved_in_kubio":true,"footnotes":""},"class_list":["post-70","page","type-page","status-publish","hentry"],"kubio_ai_page_context":{"short_desc":"","purpose":"general"},"_links":{"self":[{"href":"https:\/\/matthieu-bosquillondejenlis-psychopraticien.fr\/index.php\/wp-json\/wp\/v2\/pages\/70","targetHints":{"allow":["GET"]}}],"collection":[{"href":"https:\/\/matthieu-bosquillondejenlis-psychopraticien.fr\/index.php\/wp-json\/wp\/v2\/pages"}],"about":[{"href":"https:\/\/matthieu-bosquillondejenlis-psychopraticien.fr\/index.php\/wp-json\/wp\/v2\/types\/page"}],"author":[{"embeddable":true,"href":"https:\/\/matthieu-bosquillondejenlis-psychopraticien.fr\/index.php\/wp-json\/wp\/v2\/users\/1"}],"replies":[{"embeddable":true,"href":"https:\/\/matthieu-bosquillondejenlis-psychopraticien.fr\/index.php\/wp-json\/wp\/v2\/comments?post=70"}],"version-history":[{"count":6,"href":"https:\/\/matthieu-bosquillondejenlis-psychopraticien.fr\/index.php\/wp-json\/wp\/v2\/pages\/70\/revisions"}],"predecessor-version":[{"id":153,"href":"https:\/\/matthieu-bosquillondejenlis-psychopraticien.fr\/index.php\/wp-json\/wp\/v2\/pages\/70\/revisions\/153"}],"wp:attachment":[{"href":"https:\/\/matthieu-bosquillondejenlis-psychopraticien.fr\/index.php\/wp-json\/wp\/v2\/media?parent=70"}],"curies":[{"name":"wp","href":"https:\/\/api.w.org\/{rel}","templated":true}]}}